{"id":434,"date":"2021-01-21T13:58:46","date_gmt":"2021-01-21T12:58:46","guid":{"rendered":"https:\/\/havanaeventi.it\/?page_id=434"},"modified":"2025-12-15T16:40:47","modified_gmt":"2025-12-15T15:40:47","slug":"servizi","status":"publish","type":"page","link":"https:\/\/havanaeventi.it\/index.php\/servizi\/","title":{"rendered":"Servizi"},"content":{"rendered":"<p>[et_pb_section fb_built=&#8221;1&#8243; fullwidth=&#8221;on&#8221; admin_label=&#8221;Hero Section&#8221; _builder_version=&#8221;3.22&#8243; background_color=&#8221;rgba(255,255,255,0.7)&#8221; animation_style=&#8221;zoom&#8221; animation_direction=&#8221;bottom&#8221; animation_intensity_zoom=&#8221;4%&#8221; fb_built=&#8221;1&#8243; _i=&#8221;0&#8243; _address=&#8221;0&#8243;][et_pb_fullwidth_header title=&#8221;Havana Servizi&#8221; subhead=&#8221;i dettagli che fanno la differenza&#8221; text_orientation=&#8221;center&#8221; background_overlay_color=&#8221;rgba(255,255,255,0.85)&#8221; title_font_color=&#8221;#444235&#8243; subhead_font_color=&#8221;#444235&#8243; admin_label=&#8221;Hero&#8221; _builder_version=&#8221;3.29.3&#8243; title_font=&#8221;Georgia|700|||||||&#8221; title_text_color=&#8221;#444235&#8243; title_font_size=&#8221;72px&#8221; title_line_height=&#8221;1.3em&#8221; subhead_font=&#8221;Open Sans|||on|&#8221; subhead_text_color=&#8221;#444235&#8243; subhead_font_size=&#8221;20px&#8221; subhead_line_height=&#8221;2em&#8221; background_color=&#8221;rgba(255, 255, 255, 0)&#8221; background_image=&#8221;https:\/\/havanaeventi.it\/wp-content\/uploads\/2019\/10\/page-header-bg.jpg&#8221; parallax=&#8221;on&#8221; parallax_method=&#8221;on&#8221; custom_button_one=&#8221;on&#8221; button_one_text_size=&#8221;16px&#8221; button_one_text_color=&#8221;#ffffff&#8221; button_one_bg_color=&#8221;#d1af83&#8243; button_one_border_width=&#8221;10px&#8221; button_one_border_color=&#8221;#d1af83&#8243; button_one_border_radius=&#8221;0px&#8221; button_one_letter_spacing=&#8221;6px&#8221; button_one_font=&#8221;Open Sans||||&#8221; button_one_icon=&#8221;%%3%%&#8221; button_one_icon_color=&#8221;#ffffff&#8221; button_one_on_hover=&#8221;off&#8221; background_layout=&#8221;light&#8221; custom_padding=&#8221;120px||67px|||&#8221; animation_style=&#8221;fade&#8221; title_font_size_phone=&#8221;50px&#8221; title_font_size_last_edited=&#8221;on|phone&#8221; subhead_font_size_phone=&#8221;14px&#8221; subhead_font_size_last_edited=&#8221;on|phone&#8221; subhead_letter_spacing_last_edited=&#8221;on|phone&#8221; button_one_letter_spacing_hover=&#8221;10px&#8221; saved_tabs=&#8221;all&#8221; _i=&#8221;0&#8243; _address=&#8221;0.0&#8243; button_one_text_size__hover_enabled=&#8221;off&#8221; button_two_text_size__hover_enabled=&#8221;off&#8221; button_one_text_color__hover_enabled=&#8221;off&#8221; button_two_text_color__hover_enabled=&#8221;off&#8221; button_one_border_width__hover_enabled=&#8221;off&#8221; button_two_border_width__hover_enabled=&#8221;off&#8221; button_one_border_color__hover_enabled=&#8221;off&#8221; button_two_border_color__hover_enabled=&#8221;off&#8221; button_one_border_radius__hover_enabled=&#8221;off&#8221; button_two_border_radius__hover_enabled=&#8221;off&#8221; button_one_letter_spacing__hover_enabled=&#8221;on&#8221; button_one_letter_spacing__hover=&#8221;10px&#8221; button_two_letter_spacing__hover_enabled=&#8221;off&#8221; button_one_bg_color__hover_enabled=&#8221;off&#8221; button_two_bg_color__hover_enabled=&#8221;off&#8221;][\/et_pb_fullwidth_header][\/et_pb_section][et_pb_section fb_built=&#8221;1&#8243; admin_label=&#8221;Countdown Section&#8221; _builder_version=&#8221;3.22&#8243; custom_padding=&#8221;120px||15px|||&#8221; animation_style=&#8221;zoom&#8221; animation_direction=&#8221;bottom&#8221; animation_intensity_zoom=&#8221;4%&#8221; fb_built=&#8221;1&#8243; _i=&#8221;1&#8243; _address=&#8221;1&#8243;][et_pb_row admin_label=&#8221;Countdown Title&#8221; _builder_version=&#8221;3.29.3&#8243; background_size=&#8221;initial&#8221; background_position=&#8221;top_left&#8221; background_repeat=&#8221;repeat&#8221; module_alignment=&#8221;center&#8221; custom_margin=&#8221;|217px||auto||&#8221; _i=&#8221;0&#8243; _address=&#8221;1.0&#8243;][et_pb_column type=&#8221;4_4&#8243; _builder_version=&#8221;3.25&#8243; custom_padding=&#8221;|||&#8221; _i=&#8221;0&#8243; _address=&#8221;1.0.0&#8243; custom_padding__hover=&#8221;|||&#8221;][et_pb_text admin_label=&#8221;Title&#8221; _builder_version=&#8221;3.27.4&#8243; text_font=&#8221;||||&#8221; text_text_color=&#8221;#3e3f56&#8243; header_font=&#8221;Comfortaa||||&#8221; header_text_align=&#8221;center&#8221; header_text_color=&#8221;#444235&#8243; header_font_size=&#8221;60px&#8221; header_line_height=&#8221;1.3em&#8221; background_size=&#8221;initial&#8221; background_position=&#8221;top_left&#8221; background_repeat=&#8221;repeat&#8221; text_orientation=&#8221;center&#8221; module_alignment=&#8221;center&#8221; header_font_size_phone=&#8221;44px&#8221; header_font_size_last_edited=&#8221;on|phone&#8221; inline_fonts=&#8221;Georgia&#8221; _i=&#8221;0&#8243; _address=&#8221;1.0.0.0&#8243;]<\/p>\n<h1><span style=\"font-family: Georgia;\">Wedding Planner<\/span><\/h1>\n<p>[\/et_pb_text][et_pb_text admin_label=&#8221;Subtitle&#8221; _builder_version=&#8221;3.29.3&#8243; text_font=&#8221;Open Sans||||&#8221; text_text_color=&#8221;rgba(68,66,53,0.8)&#8221; text_font_size=&#8221;17px&#8221; text_line_height=&#8221;1.9em&#8221; background_size=&#8221;initial&#8221; background_position=&#8221;top_left&#8221; background_repeat=&#8221;repeat&#8221; text_orientation=&#8221;center&#8221; max_width=&#8221;800px&#8221; module_alignment=&#8221;center&#8221; custom_margin=&#8221;||70px|||&#8221; custom_padding=&#8221;|||&#8221; animation_style=&#8221;slide&#8221; animation_direction=&#8221;bottom&#8221; animation_delay=&#8221;50ms&#8221; animation_intensity_slide=&#8221;10%&#8221; _i=&#8221;1&#8243; _address=&#8221;1.0.0.1&#8243;]<\/p>\n<p style=\"text-align: left;\"><span>La pianificazione scrupolosa e attenta \u00e8 ci\u00f2 che assicurer\u00e0 la perfetta riuscita dell\u2019evento che sognate da sempre. Sulla base delle vostre idee vi accompagneremo, passo dopo passo, in tutte le decisioni, aiutandovi ad individuare quali siano le vostre priorit\u00e0 e desideri, occupandoci in prima persona delle fasi organizzative, logistiche, controllo ed esecuzione.<\/span><\/p>\n<p>[\/et_pb_text][\/et_pb_column][\/et_pb_row][\/et_pb_section][et_pb_section fb_built=&#8221;1&#8243; admin_label=&#8221;The Day Of Section&#8221; _builder_version=&#8221;3.22&#8243; background_color=&#8221;rgba(209,197,186,0.16)&#8221; custom_padding=&#8221;0px||102px|||&#8221; fb_built=&#8221;1&#8243; _i=&#8221;2&#8243; _address=&#8221;2&#8243;][et_pb_row admin_label=&#8221;The Day Of Title&#8221; _builder_version=&#8221;3.25&#8243; background_size=&#8221;initial&#8221; background_position=&#8221;top_left&#8221; background_repeat=&#8221;repeat&#8221; locked=&#8221;off&#8221; _i=&#8221;0&#8243; _address=&#8221;2.0&#8243;][et_pb_column type=&#8221;4_4&#8243; _builder_version=&#8221;3.25&#8243; custom_padding=&#8221;|||&#8221; _i=&#8221;0&#8243; _address=&#8221;2.0.0&#8243; custom_padding__hover=&#8221;|||&#8221;][et_pb_text admin_label=&#8221;Title&#8221; _builder_version=&#8221;3.29.3&#8243; text_font=&#8221;||||&#8221; text_text_color=&#8221;#3e3f56&#8243; text_line_height=&#8221;1.2em&#8221; header_font=&#8221;Comfortaa||||&#8221; header_text_align=&#8221;center&#8221; header_text_color=&#8221;#444235&#8243; header_font_size=&#8221;60px&#8221; header_line_height=&#8221;1.3em&#8221; background_size=&#8221;initial&#8221; background_position=&#8221;top_left&#8221; background_repeat=&#8221;repeat&#8221; text_orientation=&#8221;center&#8221; max_width_last_edited=&#8221;on|phone&#8221; module_alignment=&#8221;center&#8221; animation_style=&#8221;slide&#8221; animation_direction=&#8221;bottom&#8221; animation_intensity_slide=&#8221;10%&#8221; text_font_size_phone=&#8221;15px&#8221; text_font_size_last_edited=&#8221;on|phone&#8221; header_font_size_phone=&#8221;32px&#8221; header_font_size_last_edited=&#8221;on|phone&#8221; inline_fonts=&#8221;Georgia&#8221; _i=&#8221;0&#8243; _address=&#8221;2.0.0.0&#8243;]<\/p>\n<h1><span style=\"font-family: Georgia;\">Coordinamento<\/span><\/h1>\n<p>[\/et_pb_text][et_pb_text admin_label=&#8221;Subtitle&#8221; _builder_version=&#8221;3.27.4&#8243; text_font=&#8221;Open Sans||||&#8221; text_text_color=&#8221;rgba(68,66,53,0.8)&#8221; text_font_size=&#8221;17px&#8221; text_line_height=&#8221;1.9em&#8221; background_size=&#8221;initial&#8221; background_position=&#8221;top_left&#8221; background_repeat=&#8221;repeat&#8221; text_orientation=&#8221;center&#8221; max_width=&#8221;800px&#8221; module_alignment=&#8221;center&#8221; custom_margin=&#8221;|||&#8221; custom_padding=&#8221;|||&#8221; animation_style=&#8221;slide&#8221; animation_direction=&#8221;bottom&#8221; animation_delay=&#8221;50ms&#8221; animation_intensity_slide=&#8221;10%&#8221; _i=&#8221;1&#8243; _address=&#8221;2.0.0.1&#8243;]<\/p>\n<p style=\"text-align: left;\">A far si che tutto funzioni, senza sbavature, come in un\u2019orchestra sinfonica, non pu\u00f2 mancare un preciso e puntuale coordinamento di tutte le fasi organizzative e dei fornitori coinvolti.<br \/><span style=\"font-size: 17px;\">Ogni azione, ogni idea e avvenimento sar\u00e0 seguita con accuratezza e professionalit\u00e0.<\/span><\/p>\n<p style=\"text-align: left;\">Lo scopo del nostro lavoro \u00e8 di farvi sentire, durante tutto il percorso organizzativo,\u00a0 supportati, ispirati e sereni per far si che godiate di ogni momento. I nostri sposi sono anime attente allo stile, alla ricerca di celebrazioni autentiche pervase di tocchi personali, esperienze sensoriali e cariche di emotivit\u00e0.<\/p>\n<p style=\"text-align: left;\">Un\u2019attenzione sempre rivolta al dettaglio senza dimenticare di imprimere un carattere unico che appartenga unicamente a voi.<br \/><span style=\"font-size: 17px;\">Comprendere i nostri \u00a0clienti \u00e8 l&#8217;unico \u00a0vero \u00a0obiettivo finale, creare qualcosa che parli la loro lingua,\u00a0 nella quale si riconoscano totalmente. Da sempre ispirata dalla bellezza della natura, con uno stile organico,\u00a0 autentico ma al contempo elegante e sobrio.<\/span><\/p>\n<p>[\/et_pb_text][\/et_pb_column][\/et_pb_row][\/et_pb_section][et_pb_section fb_built=&#8221;1&#8243; admin_label=&#8221;Countdown Section&#8221; _builder_version=&#8221;3.22&#8243; custom_padding=&#8221;4px||4px||true|&#8221; animation_style=&#8221;zoom&#8221; animation_direction=&#8221;bottom&#8221; animation_intensity_zoom=&#8221;4%&#8221; fb_built=&#8221;1&#8243; _i=&#8221;3&#8243; _address=&#8221;3&#8243;][et_pb_row admin_label=&#8221;Countdown Title&#8221; _builder_version=&#8221;3.25&#8243; background_size=&#8221;initial&#8221; background_position=&#8221;top_left&#8221; background_repeat=&#8221;repeat&#8221; custom_padding=&#8221;||140px|||&#8221; _i=&#8221;0&#8243; _address=&#8221;3.0&#8243;][et_pb_column type=&#8221;4_4&#8243; _builder_version=&#8221;3.25&#8243; custom_padding=&#8221;|||&#8221; _i=&#8221;0&#8243; _address=&#8221;3.0.0&#8243; custom_padding__hover=&#8221;|||&#8221;][et_pb_text admin_label=&#8221;Title&#8221; _builder_version=&#8221;3.27.4&#8243; text_font=&#8221;||||&#8221; text_text_color=&#8221;#3e3f56&#8243; header_font=&#8221;Comfortaa||||&#8221; header_text_align=&#8221;center&#8221; header_text_color=&#8221;#444235&#8243; header_font_size=&#8221;60px&#8221; header_line_height=&#8221;1.3em&#8221; background_size=&#8221;initial&#8221; background_position=&#8221;top_left&#8221; background_repeat=&#8221;repeat&#8221; text_orientation=&#8221;center&#8221; module_alignment=&#8221;center&#8221; header_font_size_phone=&#8221;44px&#8221; header_font_size_last_edited=&#8221;on|phone&#8221; inline_fonts=&#8221;Georgia&#8221; _i=&#8221;0&#8243; _address=&#8221;3.0.0.0&#8243;]<\/p>\n<h1><span style=\"font-family: Georgia;\">Styling &amp; Design<\/span><\/h1>\n<p>[\/et_pb_text][et_pb_text admin_label=&#8221;Subtitle&#8221; _builder_version=&#8221;3.29.3&#8243; text_font=&#8221;Open Sans||||&#8221; text_text_color=&#8221;rgba(68,66,53,0.8)&#8221; text_font_size=&#8221;17px&#8221; text_line_height=&#8221;1.9em&#8221; background_size=&#8221;initial&#8221; background_position=&#8221;top_left&#8221; background_repeat=&#8221;repeat&#8221; text_orientation=&#8221;center&#8221; max_width=&#8221;800px&#8221; module_alignment=&#8221;center&#8221; custom_margin=&#8221;|||&#8221; custom_padding=&#8221;|||&#8221; animation_style=&#8221;slide&#8221; animation_direction=&#8221;bottom&#8221; animation_delay=&#8221;50ms&#8221; animation_intensity_slide=&#8221;10%&#8221; hover_enabled=&#8221;0&#8243; _i=&#8221;1&#8243; _address=&#8221;3.0.0.1&#8243;]<\/p>\n<p style=\"text-align: left;\"><span>Amiamo dare vita ad eventi unici, non solo dal punto di vista estetico, ma soprattutto sensoriale, che regalino un\u2019esperienza che coinvolga sposi ed invitati, entrambi esigenti e bisognosi di vivere una giornata memorabile, un ricordo indelebile. Un evento personalizzato nel quale ogni dettaglio parli degli sposi e di ci\u00f2 che li rappresenta.<\/span><\/p>\n<p>[\/et_pb_text][\/et_pb_column][\/et_pb_row][\/et_pb_section]<\/p>\n","protected":false},"excerpt":{"rendered":"<p>Wedding PlannerLa pianificazione scrupolosa e attenta \u00e8 ci\u00f2 che assicurer\u00e0 la perfetta riuscita dell\u2019evento che sognate da sempre. Sulla base delle vostre idee vi accompagneremo, passo dopo passo, in tutte le decisioni, aiutandovi ad individuare quali siano le vostre priorit\u00e0 e desideri, occupandoci in prima persona delle fasi organizzative, logistiche, controllo ed esecuzione.CoordinamentoA far si [&hellip;]<\/p>\n","protected":false},"author":1,"featured_media":0,"parent":0,"menu_order":0,"comment_status":"closed","ping_status":"closed","template":"","meta":{"_et_pb_use_builder":"on","_et_pb_old_content":"","_et_gb_content_width":"","footnotes":""},"class_list":["post-434","page","type-page","status-publish","hentry"],"yoast_head":"<!-- This site is optimized with the Yoast SEO plugin v26.6 - https:\/\/yoast.com\/wordpress\/plugins\/seo\/ -->\n<title>Servizi - Havana<\/title>\n<meta name=\"robots\" content=\"index, follow, max-snippet:-1, max-image-preview:large, max-video-preview:-1\" \/>\n<link rel=\"canonical\" href=\"https:\/\/havanaeventi.it\/index.php\/servizi\/\" \/>\n<meta property=\"og:locale\" content=\"it_IT\" \/>\n<meta property=\"og:type\" content=\"article\" \/>\n<meta property=\"og:title\" content=\"Servizi - Havana\" \/>\n<meta property=\"og:description\" content=\"Wedding PlannerLa pianificazione scrupolosa e attenta \u00e8 ci\u00f2 che assicurer\u00e0 la perfetta riuscita dell\u2019evento che sognate da sempre. Sulla base delle vostre idee vi accompagneremo, passo dopo passo, in tutte le decisioni, aiutandovi ad individuare quali siano le vostre priorit\u00e0 e desideri, occupandoci in prima persona delle fasi organizzative, logistiche, controllo ed esecuzione.CoordinamentoA far si [&hellip;]\" \/>\n<meta property=\"og:url\" content=\"https:\/\/havanaeventi.it\/index.php\/servizi\/\" \/>\n<meta property=\"og:site_name\" content=\"Havana\" \/>\n<meta property=\"article:modified_time\" content=\"2025-12-15T15:40:47+00:00\" \/>\n<meta name=\"twitter:card\" content=\"summary_large_image\" \/>\n<meta name=\"twitter:label1\" content=\"Tempo di lettura stimato\" \/>\n\t<meta name=\"twitter:data1\" content=\"6 minuti\" \/>\n<script type=\"application\/ld+json\" class=\"yoast-schema-graph\">{\"@context\":\"https:\/\/schema.org\",\"@graph\":[{\"@type\":\"WebPage\",\"@id\":\"https:\/\/havanaeventi.it\/index.php\/servizi\/\",\"url\":\"https:\/\/havanaeventi.it\/index.php\/servizi\/\",\"name\":\"Servizi - Havana\",\"isPartOf\":{\"@id\":\"https:\/\/havanaeventi.it\/#website\"},\"datePublished\":\"2021-01-21T12:58:46+00:00\",\"dateModified\":\"2025-12-15T15:40:47+00:00\",\"breadcrumb\":{\"@id\":\"https:\/\/havanaeventi.it\/index.php\/servizi\/#breadcrumb\"},\"inLanguage\":\"it-IT\",\"potentialAction\":[{\"@type\":\"ReadAction\",\"target\":[\"https:\/\/havanaeventi.it\/index.php\/servizi\/\"]}]},{\"@type\":\"BreadcrumbList\",\"@id\":\"https:\/\/havanaeventi.it\/index.php\/servizi\/#breadcrumb\",\"itemListElement\":[{\"@type\":\"ListItem\",\"position\":1,\"name\":\"Home\",\"item\":\"https:\/\/havanaeventi.it\/\"},{\"@type\":\"ListItem\",\"position\":2,\"name\":\"Servizi\"}]},{\"@type\":\"WebSite\",\"@id\":\"https:\/\/havanaeventi.it\/#website\",\"url\":\"https:\/\/havanaeventi.it\/\",\"name\":\"Havana\",\"description\":\"\",\"potentialAction\":[{\"@type\":\"SearchAction\",\"target\":{\"@type\":\"EntryPoint\",\"urlTemplate\":\"https:\/\/havanaeventi.it\/?s={search_term_string}\"},\"query-input\":{\"@type\":\"PropertyValueSpecification\",\"valueRequired\":true,\"valueName\":\"search_term_string\"}}],\"inLanguage\":\"it-IT\"}]}<\/script>\n<!-- \/ Yoast SEO plugin. -->","yoast_head_json":{"title":"Servizi - Havana","robots":{"index":"index","follow":"follow","max-snippet":"max-snippet:-1","max-image-preview":"max-image-preview:large","max-video-preview":"max-video-preview:-1"},"canonical":"https:\/\/havanaeventi.it\/index.php\/servizi\/","og_locale":"it_IT","og_type":"article","og_title":"Servizi - Havana","og_description":"Wedding PlannerLa pianificazione scrupolosa e attenta \u00e8 ci\u00f2 che assicurer\u00e0 la perfetta riuscita dell\u2019evento che sognate da sempre. Sulla base delle vostre idee vi accompagneremo, passo dopo passo, in tutte le decisioni, aiutandovi ad individuare quali siano le vostre priorit\u00e0 e desideri, occupandoci in prima persona delle fasi organizzative, logistiche, controllo ed esecuzione.CoordinamentoA far si [&hellip;]","og_url":"https:\/\/havanaeventi.it\/index.php\/servizi\/","og_site_name":"Havana","article_modified_time":"2025-12-15T15:40:47+00:00","twitter_card":"summary_large_image","twitter_misc":{"Tempo di lettura stimato":"6 minuti"},"schema":{"@context":"https:\/\/schema.org","@graph":[{"@type":"WebPage","@id":"https:\/\/havanaeventi.it\/index.php\/servizi\/","url":"https:\/\/havanaeventi.it\/index.php\/servizi\/","name":"Servizi - Havana","isPartOf":{"@id":"https:\/\/havanaeventi.it\/#website"},"datePublished":"2021-01-21T12:58:46+00:00","dateModified":"2025-12-15T15:40:47+00:00","breadcrumb":{"@id":"https:\/\/havanaeventi.it\/index.php\/servizi\/#breadcrumb"},"inLanguage":"it-IT","potentialAction":[{"@type":"ReadAction","target":["https:\/\/havanaeventi.it\/index.php\/servizi\/"]}]},{"@type":"BreadcrumbList","@id":"https:\/\/havanaeventi.it\/index.php\/servizi\/#breadcrumb","itemListElement":[{"@type":"ListItem","position":1,"name":"Home","item":"https:\/\/havanaeventi.it\/"},{"@type":"ListItem","position":2,"name":"Servizi"}]},{"@type":"WebSite","@id":"https:\/\/havanaeventi.it\/#website","url":"https:\/\/havanaeventi.it\/","name":"Havana","description":"","potentialAction":[{"@type":"SearchAction","target":{"@type":"EntryPoint","urlTemplate":"https:\/\/havanaeventi.it\/?s={search_term_string}"},"query-input":{"@type":"PropertyValueSpecification","valueRequired":true,"valueName":"search_term_string"}}],"inLanguage":"it-IT"}]}},"_links":{"self":[{"href":"https:\/\/havanaeventi.it\/index.php\/wp-json\/wp\/v2\/pages\/434","targetHints":{"allow":["GET"]}}],"collection":[{"href":"https:\/\/havanaeventi.it\/index.php\/wp-json\/wp\/v2\/pages"}],"about":[{"href":"https:\/\/havanaeventi.it\/index.php\/wp-json\/wp\/v2\/types\/page"}],"author":[{"embeddable":true,"href":"https:\/\/havanaeventi.it\/index.php\/wp-json\/wp\/v2\/users\/1"}],"replies":[{"embeddable":true,"href":"https:\/\/havanaeventi.it\/index.php\/wp-json\/wp\/v2\/comments?post=434"}],"version-history":[{"count":15,"href":"https:\/\/havanaeventi.it\/index.php\/wp-json\/wp\/v2\/pages\/434\/revisions"}],"predecessor-version":[{"id":651,"href":"https:\/\/havanaeventi.it\/index.php\/wp-json\/wp\/v2\/pages\/434\/revisions\/651"}],"wp:attachment":[{"href":"https:\/\/havanaeventi.it\/index.php\/wp-json\/wp\/v2\/media?parent=434"}],"curies":[{"name":"wp","href":"https:\/\/api.w.org\/{rel}","templated":true}]}}